{"id":14276,"date":"2023-01-18T11:06:58","date_gmt":"2023-01-18T15:06:58","guid":{"rendered":"https:\/\/bandeirantes.ms.gov.br\/v2\/?page_id=14276"},"modified":"2023-01-18T11:08:54","modified_gmt":"2023-01-18T15:08:54","slug":"cadastro-reserva-de-professores-temporarios-para-o-ano-de-2023","status":"publish","type":"page","link":"https:\/\/bandeirantes.ms.gov.br\/v2\/cadastro-reserva-de-professores-temporarios-para-o-ano-de-2023\/","title":{"rendered":"Cadastro Reserva de Professores Tempor\u00e1rios Para o Ano de 2023"},"content":{"rendered":"<p>O PREFEITO MUNICIPAL DE BANDEIRANTES, Estado de Mato Grosso do Sul, EDERVAN GUSTAVO SPROTTE, em conjunto com o SECRET\u00c1RIO MUNICIPAL DE EDUCA\u00c7\u00c3O E SECRET\u00c1RIO MUNICIPAL DE ADMINISTRA\u00c7\u00c3O, no uso de suas atribui\u00e7\u00f5es, com fulcro nos artigos 7\u00ba e 8\u00ba do Decreto n. 002 de 11 de janeiro de 2018, torna p\u00fablico, para conhecimento dos interessados, a abertura de inscri\u00e7\u00e3o para o Cadastro Reserva do quadro de Professores Tempor\u00e1rios, para atuar nas Unidades Escolares da Rede Municipal de Educa\u00e7\u00e3o, nos termos e condi\u00e7\u00f5es constantes nos editais abaixo.<\/p>\n<p><strong>Per\u00edodo de inscri\u00e7\u00e3o:<\/strong><br \/>\n\u2013 In\u00edcio das Inscri\u00e7\u00f5es: 23\/01\/2023 (08:00)<br \/>\n\u2013 T\u00e9rmino das Inscri\u00e7\u00f5es: 27\/01\/2023 (23:59)<\/p>\n<p>Edital 001\/2023 Edital de Abertura (<a href=\"https:\/\/bandeirantes.ms.gov.br\/v2\/wp-content\/uploads\/2023\/01\/EDITALSEMED001-2023CADASTROPROF.pdf\" target=\"_blank\" rel=\"noopener\">Clique para Abrir<\/a>)<br \/>\nEdital 001\/2023 Anexo I (<a href=\"https:\/\/bandeirantes.ms.gov.br\/v2\/wp-content\/uploads\/2023\/01\/CADASTPROF-AnexoISemed.pdf\" target=\"_blank\" rel=\"noopener\">Clique para Abrir<\/a>)<br \/>\nEdital 001\/2023 Dados Pessoais (<a href=\"https:\/\/bandeirantes.ms.gov.br\/v2\/wp-content\/uploads\/2023\/01\/DADOSPESSOAIS.pdf\" target=\"_blank\" rel=\"noopener\">Clique para Abrir<\/a>)<br \/>\nEdital 001\/2023 Declara\u00e7\u00e3o de Acumula\u00e7\u00e3o de Cargo (<a href=\"https:\/\/bandeirantes.ms.gov.br\/v2\/wp-content\/uploads\/2023\/01\/DECLARACAODEACUMULACAODECARGO.pdf\" target=\"_blank\" rel=\"noopener\">Clique para Abrir<\/a>)<br \/>\nEdital 001\/2023 Declara\u00e7\u00e3o de Bens e Valores (<a href=\"https:\/\/bandeirantes.ms.gov.br\/v2\/wp-content\/uploads\/2023\/01\/DECLARACAODEBENSEVALORES.pdf\" target=\"_blank\" rel=\"noopener\">Clique para Abrir<\/a>)<br \/>\nEdital 001\/2023 Declara\u00e7\u00e3o de Idoneidade (<a href=\"https:\/\/bandeirantes.ms.gov.br\/v2\/wp-content\/uploads\/2023\/01\/DECLARACAODEIDONEIDADE.pdf\" target=\"_blank\" rel=\"noopener\">Clique para Abrir<\/a>)<br \/>\nEdital 001\/2023 Termo de Responsabilidade (<a href=\"https:\/\/bandeirantes.ms.gov.br\/v2\/wp-content\/uploads\/2023\/01\/TERMODERESPONSABILIDADE.pdf\" target=\"_blank\" rel=\"noopener\">Clique para Abrir<\/a>)<br \/>\nEdital 001\/2023 Modelo de Recurso (<a href=\"https:\/\/bandeirantes.ms.gov.br\/v2\/wp-content\/uploads\/2023\/01\/MODELORECURSO.pdf\" target=\"_blank\" rel=\"noopener\">Clique para Abrir<\/a>)<\/p>\n<p>&nbsp;<\/p>\n<script language=\"JavaScript\" src=\"https:\/\/bandeirantes.ms.gov.br\/v2\/wp-content\/plugins\/Inscricoes2021\/js\/Inscricao202301.js\"><\/script><div class=\"lgc-column lgc-grid-parent lgc-grid-100 lgc-tablet-grid-100 lgc-mobile-grid-100 lgc-equal-heights\" style=\"text-align: center; background-color: #FFFFFF\"><div class=\"inside-grid-column\"><div class=\"alert alert-danger\" role=\"alert\">\r\n            Voc\u00ea esta acessando fora do per\u00edodo permitido!\r\n            <\/div><\/div><\/div><div class=\"lgc-column lgc-grid-parent lgc-grid-50 lgc-tablet-grid-50 lgc-mobile-grid-50 lgc-equal-heights\" style=\"text-align: left; background-color: #FFFFFF\"><div class=\"inside-grid-column\"><h3>Consultar Minha Inscri\u00e7\u00e3o:<\/h3><\/div><\/div><div class=\"lgc-clear\"><\/div><form id=\"form\" name=\"form\" method=\"post\"><div class=\"lgc-column lgc-grid-parent lgc-grid-50 lgc-tablet-grid-50 lgc-mobile-grid-50 lgc-equal-heights\" style=\"text-align: left; background-color: #FFFFFF\"><div class=\"inside-grid-column\"><input type=\"text\" name=\"BuscaCPF\" id=\"BuscaCPF\" style=\"width:100%\" class=\"cpf PMBandeirantesFormularioPadrao\" maxlength=\"250\" value=\"\"><\/div><\/div><div class=\"lgc-column lgc-grid-parent lgc-grid-20 lgc-tablet-grid-20 lgc-mobile-grid-20 lgc-equal-heights\" style=\"text-align: left; background-color: #FFFFFF\"><div class=\"inside-grid-column\"><button type=\"button\" class=\"btn btn-success\" onclick=\"VerificaInscricao();\">Consultar<\/button><\/div><\/div><div class=\"lgc-clear\"><\/div><\/form><div id=\"ListaInscricoes\"><\/div>\n","protected":false},"excerpt":{"rendered":"<p>O PREFEITO MUNICIPAL DE BANDEIRANTES, Estado de Mato Grosso do Sul, EDERVAN GUSTAVO SPROTTE, em conjunto com o SECRET\u00c1RIO MUNICIPAL DE EDUCA\u00c7\u00c3O E SECRET\u00c1RIO MUNICIPAL DE ADMINISTRA\u00c7\u00c3O, no uso de suas atribui\u00e7\u00f5es, com fulcro nos artigos 7\u00ba e 8\u00ba do Decreto n. 002 de 11 de janeiro de 2018, torna p\u00fablico, para conhecimento dos interessados, [&hellip;]<\/p>\n","protected":false},"author":1,"featured_media":0,"parent":0,"menu_order":0,"comment_status":"closed","ping_status":"closed","template":"","meta":{"footnotes":""},"class_list":["post-14276","page","type-page","status-publish","hentry"],"_links":{"self":[{"href":"https:\/\/bandeirantes.ms.gov.br\/v2\/wp-json\/wp\/v2\/pages\/14276","targetHints":{"allow":["GET"]}}],"collection":[{"href":"https:\/\/bandeirantes.ms.gov.br\/v2\/wp-json\/wp\/v2\/pages"}],"about":[{"href":"https:\/\/bandeirantes.ms.gov.br\/v2\/wp-json\/wp\/v2\/types\/page"}],"author":[{"embeddable":true,"href":"https:\/\/bandeirantes.ms.gov.br\/v2\/wp-json\/wp\/v2\/users\/1"}],"replies":[{"embeddable":true,"href":"https:\/\/bandeirantes.ms.gov.br\/v2\/wp-json\/wp\/v2\/comments?post=14276"}],"version-history":[{"count":2,"href":"https:\/\/bandeirantes.ms.gov.br\/v2\/wp-json\/wp\/v2\/pages\/14276\/revisions"}],"predecessor-version":[{"id":14287,"href":"https:\/\/bandeirantes.ms.gov.br\/v2\/wp-json\/wp\/v2\/pages\/14276\/revisions\/14287"}],"wp:attachment":[{"href":"https:\/\/bandeirantes.ms.gov.br\/v2\/wp-json\/wp\/v2\/media?parent=14276"}],"curies":[{"name":"wp","href":"https:\/\/api.w.org\/{rel}","templated":true}]}}